{"id":17364,"date":"2021-04-26T13:32:01","date_gmt":"2021-04-26T10:32:01","guid":{"rendered":"https:\/\/baymedppe.diyez.media\/?page_id=17364"},"modified":"2023-02-01T14:22:08","modified_gmt":"2023-02-01T11:22:08","slug":"contact","status":"publish","type":"page","link":"https:\/\/folyopak.com.tr\/en\/contact\/","title":{"rendered":"Contact"},"content":{"rendered":"\t\t<div data-elementor-type=\"wp-page\" data-elementor-id=\"17364\" class=\"elementor elementor-17364\" data-elementor-settings=\"[]\">\n\t\t\t\t\t\t\t<div class=\"elementor-section-wrap\">\n\t\t\t\t\t\t\t<section class=\"elementor-section elementor-top-section elementor-element elementor-element-b7663b7 elementor-section-full_width elementor-section-stretched elementor-section-height-default elementor-section-height-default\" data-id=\"b7663b7\" data-element_type=\"section\" data-settings=\"{&quot;stretch_section&quot;:&quot;section-stretched&quot;}\">\n\t\t\t\t\t\t<div class=\"elementor-container elementor-column-gap-default\">\n\t\t\t\t\t<div class=\"elementor-column elementor-col-100 elementor-top-column elementor-element elementor-element-eec7b10\" data-id=\"eec7b10\" data-element_type=\"column\">\n\t\t\t<div class=\"elementor-widget-wrap elementor-element-populated\">\n\t\t\t\t\t\t\t\t<div class=\"elementor-element elementor-element-3cd6b99 elementor-widget elementor-widget-haskan-banner\" data-id=\"3cd6b99\" data-element_type=\"widget\" data-widget_type=\"haskan-banner.default\">\n\t\t\t\t<div class=\"elementor-widget-container\">\n\t\t\t\n        <div class=\"sliderArea\">\n\t\t\t<div class=\"bc_img\" style=\"background:url(http:\/\/folyopak.com.tr\/wp-content\/uploads\/2022\/05\/16.png)\"><\/div>\n\t\t<\/div>\t\t<\/div>\n\t\t\t\t<\/div>\n\t\t\t\t<div class=\"elementor-element elementor-element-1a9a873 elementor-widget elementor-widget-contact-component\" data-id=\"1a9a873\" data-element_type=\"widget\" data-widget_type=\"contact-component.default\">\n\t\t\t\t<div class=\"elementor-widget-container\">\n\t\t\t<div class='the_component title_component1 text-center'>\n\t\t\t<div class='container1045'>\n\t\t\t\t<h1>CONTACT<\/h1>\n\t\t\t\t<div class='fc_left' id='contact_info'>\n\t\t\t\t\t<span>FOLYOPAK AMBALAJ SAN. VE T\u0130C .A.\u015e.<\/span>\n\t\t\t\t\t<p>5. O.S.B. 83579 Cd. No:6<br>\u015eehitkamil Gaziantep T\u00fcrkiye<br>T. +90 342 503 26 16<br>F. +90 342 502 06 55\n <br>info@<strong>folyopak.com.tr<\/strong><\/p>\n\t\t\t\t<\/div>\n\t\t\t<\/div>\n\t\t<\/div>\n\t\t<div id='mapFrame'>\n\t\t\t<iframe src='https:\/\/www.google.com\/maps\/embed?pb=!1m14!1m8!1m3!1d12716.82120866183!2d37.3537396!3d37.1715917!3m2!1i1024!2i768!4f13.1!3m3!1m2!1s0x1531e2bfa3cfae7d%3A0x2a99ff2ebb0f4e99!2sFolyopak%20Ambalaj%20Sanayi%20ve%20Ticaret%20A.%C5%9E.!5e0!3m2!1str!2str!4v1673605719502!5m2!1str!' style='border:0;' allowfullscreen='' loading='lazy' referrerpolicy='no-referrer-when-downgrade'><\/iframe>\n\t\t<\/div>\t\t<\/div>\n\t\t\t\t<\/div>\n\t\t\t\t\t<\/div>\n\t\t<\/div>\n\t\t\t\t\t\t\t<\/div>\n\t\t<\/section>\n\t\t\t\t\t\t<\/div>\n\t\t\t\t\t<\/div>\n\t\t","protected":false},"excerpt":{"rendered":"<p>CONTACT FOLYOPAK AMBALAJ SAN. VE T\u0130C .A.\u015e. 5. O.S.B. 83579 Cd. No:6\u015eehitkamil Gaziantep T\u00fcrkiyeT. +90 342 503 26 16F. +90 342 502 06 55 info@folyopak.com.tr<\/p>\n","protected":false},"author":1,"featured_media":18137,"parent":0,"menu_order":0,"comment_status":"closed","ping_status":"closed","template":"","meta":{"inline_featured_image":false,"footnotes":""},"class_list":["post-17364","page","type-page","status-publish","has-post-thumbnail","hentry"],"_links":{"self":[{"href":"https:\/\/folyopak.com.tr\/en\/wp-json\/wp\/v2\/pages\/17364","targetHints":{"allow":["GET"]}}],"collection":[{"href":"https:\/\/folyopak.com.tr\/en\/wp-json\/wp\/v2\/pages"}],"about":[{"href":"https:\/\/folyopak.com.tr\/en\/wp-json\/wp\/v2\/types\/page"}],"author":[{"embeddable":true,"href":"https:\/\/folyopak.com.tr\/en\/wp-json\/wp\/v2\/users\/1"}],"replies":[{"embeddable":true,"href":"https:\/\/folyopak.com.tr\/en\/wp-json\/wp\/v2\/comments?post=17364"}],"version-history":[{"count":12,"href":"https:\/\/folyopak.com.tr\/en\/wp-json\/wp\/v2\/pages\/17364\/revisions"}],"predecessor-version":[{"id":19067,"href":"https:\/\/folyopak.com.tr\/en\/wp-json\/wp\/v2\/pages\/17364\/revisions\/19067"}],"wp:featuredmedia":[{"embeddable":true,"href":"https:\/\/folyopak.com.tr\/en\/wp-json\/wp\/v2\/media\/18137"}],"wp:attachment":[{"href":"https:\/\/folyopak.com.tr\/en\/wp-json\/wp\/v2\/media?parent=17364"}],"curies":[{"name":"wp","href":"https:\/\/api.w.org\/{rel}","templated":true}]}}