{"id":19090,"date":"2022-05-20T14:28:46","date_gmt":"2022-05-20T11:28:46","guid":{"rendered":"http:\/\/folyopak.com.tr\/?page_id=19090"},"modified":"2023-05-16T11:55:04","modified_gmt":"2023-05-16T08:55:04","slug":"sertifikalar-ve-belgeler","status":"publish","type":"page","link":"https:\/\/folyopak.com.tr\/en\/sertifikalar-ve-belgeler\/","title":{"rendered":"Sertifikalar ve Belgeler"},"content":{"rendered":"\t\t<div data-elementor-type=\"wp-page\" data-elementor-id=\"19090\" class=\"elementor elementor-19090\" data-elementor-settings=\"[]\">\n\t\t\t\t\t\t\t<div class=\"elementor-section-wrap\">\n\t\t\t\t\t\t\t<section class=\"elementor-section elementor-top-section elementor-element elementor-element-b7663b7 elementor-section-full_width elementor-section-stretched elementor-section-height-default elementor-section-height-default\" data-id=\"b7663b7\" data-element_type=\"section\" data-settings=\"{&quot;stretch_section&quot;:&quot;section-stretched&quot;}\">\n\t\t\t\t\t\t<div class=\"elementor-container elementor-column-gap-default\">\n\t\t\t\t\t<div class=\"elementor-column elementor-col-100 elementor-top-column elementor-element elementor-element-eec7b10\" data-id=\"eec7b10\" data-element_type=\"column\">\n\t\t\t<div class=\"elementor-widget-wrap elementor-element-populated\">\n\t\t\t\t\t\t\t\t<div class=\"elementor-element elementor-element-a3961d6 elementor-widget elementor-widget-haskan-banner\" data-id=\"a3961d6\" data-element_type=\"widget\" data-widget_type=\"haskan-banner.default\">\n\t\t\t\t<div class=\"elementor-widget-container\">\n\t\t\t\n        <div class=\"sliderArea\">\n\t\t\t<div class=\"bc_img\" style=\"background:url(http:\/\/folyopak.com.tr\/wp-content\/uploads\/2022\/05\/Yeni-Proje.png)\"><\/div>\n\t\t<\/div>\t\t<\/div>\n\t\t\t\t<\/div>\n\t\t\t\t<div class=\"elementor-element elementor-element-f6754ef elementor-widget elementor-widget-yeni-yazi-component\" data-id=\"f6754ef\" data-element_type=\"widget\" data-widget_type=\"yeni-yazi-component.default\">\n\t\t\t\t<div class=\"elementor-widget-container\">\n\t\t\t\n        <div class=\"the_component title_component1 text-center\" style=\"\">\n\t\t\t<div class=\"container1045\">\n\t\t\t\t<h1>SERT\u0130F\u0130KALAR VE BELGELER\u0130M\u0130Z<\/h1>\n\t\t\t\t<p><p>\u00c7al\u0131\u015fanlar\u0131m\u0131z, topluluklar ve i\u015f ortaklar\u0131m\u0131z ba\u015fta olmak \u00fczere t\u00fcm payda\u015flar\u0131m\u0131z i\u00e7in de\u011fer \u00fcretmeye \u00f6nem veriyoruz. \u00dcr\u00fcnlerimizin t\u00fcketicilerimiz ve s\u00fcrd\u00fcr\u00fclebilirlik i\u00e7in hayati \u00f6nem ta\u015f\u0131d\u0131\u011f\u0131n\u0131 biliyor ve \u00fcretim s\u00fcre\u00e7lerimizi titizlikle takip ediyoruz.<\/p><\/p>\n\t\t\t<\/div>\n\t\t<\/div>\n        \t\t<\/div>\n\t\t\t\t<\/div>\n\t\t\t\t<div class=\"elementor-element elementor-element-fc6dbd4 elementor-widget elementor-widget-sertifika-repeatable-component\" data-id=\"fc6dbd4\" data-element_type=\"widget\" data-widget_type=\"sertifika-repeatable-component.default\">\n\t\t\t\t<div class=\"elementor-widget-container\">\n\t\t\t<div class=\"container1045 the_component\" style=\"padding-top:0px;\">\n\t\t\t<div class=\"likeRow cert_row\"><div>\n\t\t\t\t\t<div class=\"cert_item\">\n\t\t\t\t\t\t<div>\n\t\t\t\t\t\t\t<h2><strong>ISO 10002:2018<\/strong>M\u00fc\u015fteri Memnuniyeti ve \u015eikayet Y\u00f6netim Sistemi Sertifikas\u0131<\/h2>\n\t\t\t\t\t\t\t<p>M\u00fc\u015fterilerini memnun etmeyi onlara beklentilerinin \u00f6tesinde hizmet vermeyi isteyen, ister \u00f6zel kurulu\u015f, ister kamu kurulu\u015fu veya g\u00f6n\u00fcll\u00fcl\u00fck esas\u0131na dayal\u0131 sekt\u00f6rler olsun her t\u00fcr ve boyuttan i\u015fletmenin uygulayabilece\u011fi bir standartt\u0131r.<\/p>\n\t\t\t\t\t\t<\/div>\n\t\t\t\t\t\t<div>\n\t\t\t\t\t\t\t<a target=\"_blank\" href=\"http:\/\/folyopak.com.tr\/wp-content\/uploads\/2023\/05\/10002.2018.pdf\" class=\"btn_component\">Sertifikay\u0131 G\u00f6r\u00fcnt\u00fcleyin<\/a>\n\t\t\t\t\t\t<\/div>\n\t\t\t\t\t\t<\/div>\n\t\t\t\t<\/div><div>\n\t\t\t\t\t<div class=\"cert_item\">\n\t\t\t\t\t\t<div>\n\t\t\t\t\t\t\t<h2><strong>ISO 14001:2015<\/strong>\u00c7evre Y\u00f6netim Sistemi Sertifikas\u0131<\/h2>\n\t\t\t\t\t\t\t<p>ISO 14001 \u00c7evre Y\u00f6netim Sistemi, do\u011fal kaynaklar\u0131n kullan\u0131m\u0131n\u0131n azalt\u0131lmas\u0131n\u0131, suya, topra\u011fa ve havaya verilen zararlar\u0131n en aza \u00e7ekilmesini hedefleyen standartt\u0131r.<\/p>\n\t\t\t\t\t\t<\/div>\n\t\t\t\t\t\t<div>\n\t\t\t\t\t\t\t<a target=\"_blank\" href=\"http:\/\/folyopak.com.tr\/wp-content\/uploads\/2023\/05\/14001.2015.pdf\" class=\"btn_component\">Sertifikay\u0131 G\u00f6r\u00fcnt\u00fcleyin<\/a>\n\t\t\t\t\t\t<\/div>\n\t\t\t\t\t\t<\/div>\n\t\t\t\t<\/div><div>\n\t\t\t\t\t<div class=\"cert_item\">\n\t\t\t\t\t\t<div>\n\t\t\t\t\t\t\t<h2><strong>ISO 9001:2015<\/strong>Kalite Y\u00f6netim Sistemi Sertifikas\u0131<\/h2>\n\t\t\t\t\t\t\t<p>M\u00fc\u015fteri odakl\u0131l\u0131k, liderlik, \u00e7al\u0131\u015fanlar\u0131n kat\u0131l\u0131m\u0131, s\u00fcre\u00e7 yakla\u015f\u0131m\u0131, iyile\u015ftirme, kan\u0131ta dayal\u0131 karar verme ve ili\u015fkilerin y\u00f6netimi prensipleri esas al\u0131narak haz\u0131rlanan bu standart, m\u00fc\u015fteri memnuniyeti ve ge\u00e7erli yasal \u015fartlar\u0131n sa\u011flanmas\u0131 i\u00e7in \u015fartlar\u0131 tan\u0131mlamaktad\u0131r.<\/p>\n\t\t\t\t\t\t<\/div>\n\t\t\t\t\t\t<div>\n\t\t\t\t\t\t\t<a target=\"_blank\" href=\"http:\/\/folyopak.com.tr\/wp-content\/uploads\/2023\/05\/9001.2015.pdf\" class=\"btn_component\">Sertifikay\u0131 G\u00f6r\u00fcnt\u00fcleyin<\/a>\n\t\t\t\t\t\t<\/div>\n\t\t\t\t\t\t<\/div>\n\t\t\t\t<\/div><div>\n\t\t\t\t\t<div class=\"cert_item\">\n\t\t\t\t\t\t<div>\n\t\t\t\t\t\t\t<h2><strong>ISO 45001:2018<\/strong>\u0130\u015f Sa\u011fl\u0131\u011f\u0131 ve G\u00fcvenli\u011fi Y\u00f6netim Sistemi Sertifikas\u0131<\/h2>\n\t\t\t\t\t\t\t<p>Standart, \u00e7al\u0131\u015fanlara y\u00f6nelik hastal\u0131k, yaralanma, kaza gibi i\u015fle ilgili riskleri belirlemeyi ve \u00f6nleyici tedbirler yard\u0131m\u0131yla bunlardan ka\u00e7\u0131nmay\u0131 ama\u00e7lamaktad\u0131r.<\/p>\n\t\t\t\t\t\t<\/div>\n\t\t\t\t\t\t<div>\n\t\t\t\t\t\t\t<a target=\"_blank\" href=\"http:\/\/folyopak.com.tr\/wp-content\/uploads\/2023\/05\/45001.2018.pdf\" class=\"btn_component\">Sertifikay\u0131 G\u00f6r\u00fcnt\u00fcleyin<\/a>\n\t\t\t\t\t\t<\/div>\n\t\t\t\t\t\t<\/div>\n\t\t\t\t<\/div><div>\n\t\t\t\t\t<div class=\"cert_item\">\n\t\t\t\t\t\t<div>\n\t\t\t\t\t\t\t<h2><strong>ISO 22000:2018<\/strong>G\u0131da G\u00fcvenli\u011fi Y\u00f6netim Sistemi Sertifikas\u0131<\/h2>\n\t\t\t\t\t\t\t<p>G\u0131da \u00fcretim zincirinin t\u00fcm halkalar\u0131nda g\u0131da g\u00fcvenli\u011fini sa\u011flayan uluslararas\u0131 bir standartt\u0131r. ISO 22000 standard\u0131, alaca\u011f\u0131n\u0131z \u00fcr\u00fcn\u00fcn minimum kalitesini biliyorsunuz ve o \u00fcr\u00fcne kesinlikle g\u00fcvenebilirsiniz anlam\u0131na gelmektedir.<\/p>\n\t\t\t\t\t\t<\/div>\n\t\t\t\t\t\t<div>\n\t\t\t\t\t\t\t<a target=\"_blank\" href=\"http:\/\/folyopak.com.tr\/wp-content\/uploads\/2023\/05\/22000.2018.pdf\" class=\"btn_component\">Sertifikay\u0131 G\u00f6r\u00fcnt\u00fcleyin<\/a>\n\t\t\t\t\t\t<\/div>\n\t\t\t\t\t\t<\/div>\n\t\t\t\t<\/div><div>\n\t\t\t\t\t<div class=\"cert_item\">\n\t\t\t\t\t\t<div>\n\t\t\t\t\t\t\t<h2><strong>S\u0131f\u0131r At\u0131k Belgesi<\/strong>Temel Seviye<\/h2>\n\t\t\t\t\t\t\t<p>Kaynaklar\u0131n daha verimli kullan\u0131lmas\u0131n\u0131, at\u0131k olu\u015fum sebeplerinin g\u00f6zden ge\u00e7irilerek at\u0131k olu\u015fumunun engellenmesi veya minimize edilmesi, at\u0131\u011f\u0131n olu\u015fmas\u0131 durumunda ise kayna\u011f\u0131nda ayr\u0131 toplanmas\u0131 ve geri kazan\u0131m\u0131n\u0131n sa\u011flanmas\u0131n\u0131 kapsamaktad\u0131r.<\/p>\n\t\t\t\t\t\t<\/div>\n\t\t\t\t\t\t<div>\n\t\t\t\t\t\t\t<a target=\"_blank\" href=\"http:\/\/folyopak.com.tr\/wp-content\/uploads\/2023\/05\/sifir.atik_.pdf\" class=\"btn_component\">Belgeyi G\u00f6r\u00fcnt\u00fcleyin<\/a>\n\t\t\t\t\t\t<\/div>\n\t\t\t\t\t\t<\/div>\n\t\t\t\t<\/div><div>\n\t\t\t\t\t<div class=\"cert_item\">\n\t\t\t\t\t\t<div>\n\t\t\t\t\t\t\t<h2><strong>Ayr\u0131mc\u0131l\u0131\u011f\u0131 \u00d6nleme<\/strong>Politikas\u0131<\/h2>\n\t\t\t\t\t\t\t<p>ILO'nun \"B\u00fct\u00fcn erkek ve kad\u0131nlar i\u00e7in insana yak\u0131\u015f\u0131r i\u015f.\" ana \u00f6\u011fesinin politikam\u0131zla destekliyoruz.<\/p>\n\t\t\t\t\t\t<\/div>\n\t\t\t\t\t\t<div>\n\t\t\t\t\t\t\t<a target=\"_blank\" href=\"http:\/\/folyopak.com.tr\/wp-content\/uploads\/2023\/05\/ayrimciligi.onleme.jpg\" class=\"btn_component\">Poltikay\u0131 G\u00f6r\u00fcnt\u00fcleyin<\/a>\n\t\t\t\t\t\t<\/div>\n\t\t\t\t\t\t<\/div>\n\t\t\t\t<\/div><div>\n\t\t\t\t\t<div class=\"cert_item\">\n\t\t\t\t\t\t<div>\n\t\t\t\t\t\t\t<h2><strong>\u00c7evre<\/strong>Politikas\u0131<\/h2>\n\t\t\t\t\t\t\t<p>\u00c7evreye kar\u015f\u0131 duyarl\u0131l\u0131\u011f\u0131 i\u015fimizin bir par\u00e7as\u0131 olarak g\u00f6r\u00fcyor, \u00e7evreyi temizlemenin de\u011fil kirletmemenin gereklili\u011fini biliyoruz.<\/p>\n\t\t\t\t\t\t<\/div>\n\t\t\t\t\t\t<div>\n\t\t\t\t\t\t\t<a target=\"_blank\" href=\"http:\/\/folyopak.com.tr\/wp-content\/uploads\/2023\/05\/cevre.jpg\" class=\"btn_component\">Poltikay\u0131 G\u00f6r\u00fcnt\u00fcleyin<\/a>\n\t\t\t\t\t\t<\/div>\n\t\t\t\t\t\t<\/div>\n\t\t\t\t<\/div><div>\n\t\t\t\t\t<div class=\"cert_item\">\n\t\t\t\t\t\t<div>\n\t\t\t\t\t\t\t<h2><strong>Entegre Y\u00f6netim Sistemleri<\/strong>Politikas\u0131<\/h2>\n\t\t\t\t\t\t\t<p>M\u00fc\u015fterilerimiz, tedarik\u00e7ilerimiz, \u00e7evre ve toplumumuz i\u00e7in en iyisini hedefliyor ve bu ama\u00e7 i\u00e7in \u00e7al\u0131\u015f\u0131yoruz.<\/p>\n\t\t\t\t\t\t<\/div>\n\t\t\t\t\t\t<div>\n\t\t\t\t\t\t\t<a target=\"_blank\" href=\"http:\/\/folyopak.com.tr\/wp-content\/uploads\/2023\/05\/entegre.yonetim.jpg\" class=\"btn_component\">Poltikay\u0131 G\u00f6r\u00fcnt\u00fcleyin<\/a>\n\t\t\t\t\t\t<\/div>\n\t\t\t\t\t\t<\/div>\n\t\t\t\t<\/div><div>\n\t\t\t\t\t<div class=\"cert_item\">\n\t\t\t\t\t\t<div>\n\t\t\t\t\t\t\t<h2><strong>G\u00fcvenlik<\/strong>Politikas\u0131<\/h2>\n\t\t\t\t\t\t\t<p>\u00c7al\u0131\u015fan ve \u00fcretim g\u00fcvenli\u011fi i\u00e7in \u00fclke ve uluslararas\u0131 kanunlarla hareket ederek, gerekli tedbirleri al\u0131yor ve prosed\u00fcrleri uyguluyoruz.<\/p>\n\t\t\t\t\t\t<\/div>\n\t\t\t\t\t\t<div>\n\t\t\t\t\t\t\t<a target=\"_blank\" href=\"http:\/\/folyopak.com.tr\/wp-content\/uploads\/2023\/05\/guvenlik.jpg\" class=\"btn_component\">Poltikay\u0131 G\u00f6r\u00fcnt\u00fcleyin<\/a>\n\t\t\t\t\t\t<\/div>\n\t\t\t\t\t\t<\/div>\n\t\t\t\t<\/div><div>\n\t\t\t\t\t<div class=\"cert_item\">\n\t\t\t\t\t\t<div>\n\t\t\t\t\t\t\t<h2><strong>Sosyal Uygunluk<\/strong>Politikas\u0131<\/h2>\n\t\t\t\t\t\t\t<p>Hizmetin, y\u00f6netimin ve \u00fcretimin her a\u015famas\u0131nda \"\u00f6nce insan\" prensibiyle aksiyon al\u0131yor, kanunlar ve standartlar \u00e7er\u00e7evesinde t\u00fcm gereklilikleri yerine getiriyoruz.<\/p>\n\t\t\t\t\t\t<\/div>\n\t\t\t\t\t\t<div>\n\t\t\t\t\t\t\t<a target=\"_blank\" href=\"http:\/\/folyopak.com.tr\/wp-content\/uploads\/2023\/05\/sosyal.uygunluk.jpg\" class=\"btn_component\">Poltikay\u0131 G\u00f6r\u00fcnt\u00fcleyin<\/a>\n\t\t\t\t\t\t<\/div>\n\t\t\t\t\t\t<\/div>\n\t\t\t\t<\/div><div>\n\t\t\t\t\t<div class=\"cert_item\">\n\t\t\t\t\t\t<div>\n\t\t\t\t\t\t\t<h2><strong>SEDEX<\/strong>Denetimi<\/h2>\n\t\t\t\t\t\t\t<p>Operasyonel faaliyetlerimizi ger\u00e7ekle\u015ftirirken insana ve \u00e7evreye etkileri, etik ve sosyal konulara hassasiyetleri denetlenmektedir. Bu do\u011frultuda, tedarik\u00e7ilerin \u00e7evre y\u00f6netimi, i\u015f sa\u011fl\u0131\u011f\u0131 ve g\u00fcvenli\u011fi, etik ve sosyal uygunluk gerekliliklerini SEDEX kriterleri kapsam\u0131nda denetlenmektedir.<\/p>\n\t\t\t\t\t\t<\/div><\/div>\n\t\t\t\t<\/div><\/div>\n\t\t<\/div>\t\t<\/div>\n\t\t\t\t<\/div>\n\t\t\t\t\t<\/div>\n\t\t<\/div>\n\t\t\t\t\t\t\t<\/div>\n\t\t<\/section>\n\t\t\t\t\t\t<\/div>\n\t\t\t\t\t<\/div>\n\t\t","protected":false},"excerpt":{"rendered":"<p>SERT\u0130F\u0130KALAR VE BELGELER\u0130M\u0130Z \u00c7al\u0131\u015fanlar\u0131m\u0131z, topluluklar ve i\u015f ortaklar\u0131m\u0131z ba\u015fta olmak \u00fczere t\u00fcm payda\u015flar\u0131m\u0131z i\u00e7in de\u011fer \u00fcretmeye \u00f6nem veriyoruz. \u00dcr\u00fcnlerimizin t\u00fcketicilerimiz ve s\u00fcrd\u00fcr\u00fclebilirlik i\u00e7in hayati \u00f6nem ta\u015f\u0131d\u0131\u011f\u0131n\u0131 biliyor ve \u00fcretim s\u00fcre\u00e7lerimizi titizlikle takip ediyoruz. ISO 10002:2018M\u00fc\u015fteri Memnuniyeti ve \u015eikayet Y\u00f6netim Sistemi&#8230;<\/p>\n","protected":false},"author":1,"featured_media":18137,"parent":0,"menu_order":0,"comment_status":"closed","ping_status":"closed","template":"","meta":{"inline_featured_image":false,"footnotes":""},"class_list":["post-19090","page","type-page","status-publish","has-post-thumbnail","hentry"],"_links":{"self":[{"href":"https:\/\/folyopak.com.tr\/en\/wp-json\/wp\/v2\/pages\/19090","targetHints":{"allow":["GET"]}}],"collection":[{"href":"https:\/\/folyopak.com.tr\/en\/wp-json\/wp\/v2\/pages"}],"about":[{"href":"https:\/\/folyopak.com.tr\/en\/wp-json\/wp\/v2\/types\/page"}],"author":[{"embeddable":true,"href":"https:\/\/folyopak.com.tr\/en\/wp-json\/wp\/v2\/users\/1"}],"replies":[{"embeddable":true,"href":"https:\/\/folyopak.com.tr\/en\/wp-json\/wp\/v2\/comments?post=19090"}],"version-history":[{"count":65,"href":"https:\/\/folyopak.com.tr\/en\/wp-json\/wp\/v2\/pages\/19090\/revisions"}],"predecessor-version":[{"id":19448,"href":"https:\/\/folyopak.com.tr\/en\/wp-json\/wp\/v2\/pages\/19090\/revisions\/19448"}],"wp:featuredmedia":[{"embeddable":true,"href":"https:\/\/folyopak.com.tr\/en\/wp-json\/wp\/v2\/media\/18137"}],"wp:attachment":[{"href":"https:\/\/folyopak.com.tr\/en\/wp-json\/wp\/v2\/media?parent=19090"}],"curies":[{"name":"wp","href":"https:\/\/api.w.org\/{rel}","templated":true}]}}